{"id":30,"date":"2025-04-30T18:16:09","date_gmt":"2025-04-30T15:16:09","guid":{"rendered":"https:\/\/gitbak.com\/?page_id=30"},"modified":"2025-04-30T19:59:32","modified_gmt":"2025-04-30T16:59:32","slug":"anasayfa","status":"publish","type":"page","link":"https:\/\/gitbak.com\/","title":{"rendered":"Anasayfa"},"content":{"rendered":"\t\t<div data-elementor-type=\"wp-page\" data-elementor-id=\"30\" class=\"elementor elementor-30\" data-elementor-post-type=\"page\">\n\t\t\t\t<div class=\"elementor-element elementor-element-4ec78980 e-flex e-con-boxed e-con e-parent\" data-id=\"4ec78980\" data-element_type=\"container\">\n\t\t\t\t\t<div class=\"e-con-inner\">\n\t\t\t\t<div class=\"elementor-element elementor-element-73d7314 elementor-widget elementor-widget-elementskit-heading\" data-id=\"73d7314\" data-element_type=\"widget\" data-widget_type=\"elementskit-heading.default\">\n\t\t\t\t<div class=\"elementor-widget-container\">\n\t\t\t\t\t<div class=\"ekit-wid-con\" ><div class=\"ekit-heading elementskit-section-title-wraper center   ekit_heading_tablet-   ekit_heading_mobile-\"><h2 class=\"ekit-heading--title elementskit-section-title \">Reklam\u0131n i\u00e7in ideal!<\/h2><div class=\"ekit_heading_separetor_wraper ekit_heading_elementskit-border-divider\"><div class=\"elementskit-border-divider\"><\/div><\/div>\t\t\t\t<div class='ekit-heading__description'>\n\t\t\t\t\t<p><span style=\"font-weight: 400\">Reklam\u0131n\u0131 g\u00f6rmeye herkes buraya gelsin<\/span><\/p>\n\t\t\t\t<\/div>\n\t\t\t<\/div><\/div>\t\t\t\t<\/div>\n\t\t\t\t<\/div>\n\t\t<div class=\"elementor-element elementor-element-14438fbd e-con-full e-grid e-con e-child\" data-id=\"14438fbd\" data-element_type=\"container\">\n\t\t\t\t<div class=\"elementor-element elementor-element-28520447 ekit-equal-height-disable elementor-widget elementor-widget-elementskit-image-box\" data-id=\"28520447\" data-element_type=\"widget\" data-widget_type=\"elementskit-image-box.default\">\n\t\t\t\t<div class=\"elementor-widget-container\">\n\t\t\t\t\t<div class=\"ekit-wid-con\" >\n            <div class=\"elementskit-info-image-box ekit-image-box text-center simple-card\" >\n\n                \n                <div class=\"elementskit-box-header image-box-img-center\">\n\n                    <img fetchpriority=\"high\" decoding=\"async\" width=\"483\" height=\"460\" src=\"https:\/\/gitbak.com\/wp-content\/uploads\/2025\/04\/image-accordion-8.jpg\" class=\"attachment-full size-full wp-image-32\" alt=\"\" srcset=\"https:\/\/gitbak.com\/wp-content\/uploads\/2025\/04\/image-accordion-8.jpg 483w, https:\/\/gitbak.com\/wp-content\/uploads\/2025\/04\/image-accordion-8-300x286.jpg 300w\" sizes=\"(max-width: 483px) 100vw, 483px\" \/>\n                <\/div>\n                \n                <div class=\"elementskit-box-body ekit-image-box-body\">\n                    <div class=\"elementskit-box-content ekit-image-box-body-inner\">\n                                                <h3 class=\"elementskit-info-box-title\">\n\n                        Foto G\u00f6revi\n                        \n                    <\/h3>\n                                                            <div class=\"elementskit-box-style-content\">\n                        Ma\u011fazada \u00fcr\u00fcnle selfie \u00e7ek                    <\/div>\n                                    <\/div>\n\n                                <div class=\"elementskit-box-footer\">\n                    <div class=\"box-footer\">\n                        <div class=\"btn-wraper\">\n                                                            <a href=\"#\" class=\"elementskit-btn whitespace--normal\">\n                                    \n                                    \n                                    \u00d6d\u00fcl 20 TL                                <\/a>\n                                                        <\/div>\n                    <\/div>\n                <\/div>\n                            <\/div>\n            <\/div>\n    <\/div>\t\t\t\t<\/div>\n\t\t\t\t<\/div>\n\t\t\t\t<div class=\"elementor-element elementor-element-4892aa6f ekit-equal-height-disable elementor-widget elementor-widget-elementskit-image-box\" data-id=\"4892aa6f\" data-element_type=\"widget\" data-widget_type=\"elementskit-image-box.default\">\n\t\t\t\t<div class=\"elementor-widget-container\">\n\t\t\t\t\t<div class=\"ekit-wid-con\" >\n            <div class=\"elementskit-info-image-box ekit-image-box text-center simple-card\" >\n\n                \n                <div class=\"elementskit-box-header image-box-img-center\">\n\n                    <img decoding=\"async\" width=\"483\" height=\"460\" src=\"https:\/\/gitbak.com\/wp-content\/uploads\/2025\/04\/image-accordion-12.jpg\" class=\"attachment-full size-full wp-image-33\" alt=\"\" srcset=\"https:\/\/gitbak.com\/wp-content\/uploads\/2025\/04\/image-accordion-12.jpg 483w, https:\/\/gitbak.com\/wp-content\/uploads\/2025\/04\/image-accordion-12-300x286.jpg 300w\" sizes=\"(max-width: 483px) 100vw, 483px\" \/>\n                <\/div>\n                \n                <div class=\"elementskit-box-body ekit-image-box-body\">\n                    <div class=\"elementskit-box-content ekit-image-box-body-inner\">\n                                                <h3 class=\"elementskit-info-box-title\">\n\n                        QR Tara\n                        \n                    <\/h3>\n                                                            <div class=\"elementskit-box-style-content\">\n                        Kafenizdeki QR kodla kat\u0131l\u0131m                    <\/div>\n                                    <\/div>\n\n                                <div class=\"elementskit-box-footer\">\n                    <div class=\"box-footer\">\n                        <div class=\"btn-wraper\">\n                                                            <a href=\"#\" class=\"elementskit-btn whitespace--normal\">\n                                    \n                                    \n                                    \u00d6d\u00fcl: \u0130ndirim Kuponu                                <\/a>\n                                                        <\/div>\n                    <\/div>\n                <\/div>\n                            <\/div>\n            <\/div>\n    <\/div>\t\t\t\t<\/div>\n\t\t\t\t<\/div>\n\t\t\t\t<div class=\"elementor-element elementor-element-1cdcb418 ekit-equal-height-disable elementor-widget elementor-widget-elementskit-image-box\" data-id=\"1cdcb418\" data-element_type=\"widget\" data-widget_type=\"elementskit-image-box.default\">\n\t\t\t\t<div class=\"elementor-widget-container\">\n\t\t\t\t\t<div class=\"ekit-wid-con\" >\n            <div class=\"elementskit-info-image-box ekit-image-box text-center simple-card\" >\n\n                \n                <div class=\"elementskit-box-header image-box-img-center\">\n\n                    <img decoding=\"async\" width=\"486\" height=\"460\" src=\"https:\/\/gitbak.com\/wp-content\/uploads\/2025\/04\/image-accordion-9.jpg\" class=\"attachment-full size-full wp-image-34\" alt=\"\" srcset=\"https:\/\/gitbak.com\/wp-content\/uploads\/2025\/04\/image-accordion-9.jpg 486w, https:\/\/gitbak.com\/wp-content\/uploads\/2025\/04\/image-accordion-9-300x284.jpg 300w\" sizes=\"(max-width: 486px) 100vw, 486px\" \/>\n                <\/div>\n                \n                <div class=\"elementskit-box-body ekit-image-box-body\">\n                    <div class=\"elementskit-box-content ekit-image-box-body-inner\">\n                                                <h3 class=\"elementskit-info-box-title\">\n\n                        Raf G\u00f6revi\n                        \n                    <\/h3>\n                                                            <div class=\"elementskit-box-style-content\">\n                        S\u00fcpermarkette \u00fcr\u00fcn\u00fcn\u00fcz\u00fc bul                    <\/div>\n                                    <\/div>\n\n                                <div class=\"elementskit-box-footer\">\n                    <div class=\"box-footer\">\n                        <div class=\"btn-wraper\">\n                                                            <a href=\"#\" class=\"elementskit-btn whitespace--normal\">\n                                    \n                                    \n                                    \u00d6d\u00fcl: \u00c7ekili\u015f hakk\u0131                                <\/a>\n                                                        <\/div>\n                    <\/div>\n                <\/div>\n                            <\/div>\n            <\/div>\n    <\/div>\t\t\t\t<\/div>\n\t\t\t\t<\/div>\n\t\t\t\t<\/div>\n\t\t\t\t\t<\/div>\n\t\t\t\t<\/div>\n\t\t\t\t<\/div>\n\t\t","protected":false},"excerpt":{"rendered":"<p>Reklam\u0131n i\u00e7in ideal! Reklam\u0131n\u0131 g\u00f6rmeye herkes buraya gelsin Foto G\u00f6revi Ma\u011fazada \u00fcr\u00fcnle selfie \u00e7ek \u00d6d\u00fcl 20 TL QR Tara Kafenizdeki QR kodla kat\u0131l\u0131m \u00d6d\u00fcl: \u0130ndirim&hellip;<\/p>\n","protected":false},"author":1,"featured_media":0,"parent":0,"menu_order":0,"comment_status":"closed","ping_status":"closed","template":"","meta":{"footnotes":""},"class_list":["post-30","page","type-page","status-publish","hentry"],"_links":{"self":[{"href":"https:\/\/gitbak.com\/index.php?rest_route=\/wp\/v2\/pages\/30","targetHints":{"allow":["GET"]}}],"collection":[{"href":"https:\/\/gitbak.com\/index.php?rest_route=\/wp\/v2\/pages"}],"about":[{"href":"https:\/\/gitbak.com\/index.php?rest_route=\/wp\/v2\/types\/page"}],"author":[{"embeddable":true,"href":"https:\/\/gitbak.com\/index.php?rest_route=\/wp\/v2\/users\/1"}],"replies":[{"embeddable":true,"href":"https:\/\/gitbak.com\/index.php?rest_route=%2Fwp%2Fv2%2Fcomments&post=30"}],"version-history":[{"count":8,"href":"https:\/\/gitbak.com\/index.php?rest_route=\/wp\/v2\/pages\/30\/revisions"}],"predecessor-version":[{"id":48,"href":"https:\/\/gitbak.com\/index.php?rest_route=\/wp\/v2\/pages\/30\/revisions\/48"}],"wp:attachment":[{"href":"https:\/\/gitbak.com\/index.php?rest_route=%2Fwp%2Fv2%2Fmedia&parent=30"}],"curies":[{"name":"wp","href":"https:\/\/api.w.org\/{rel}","templated":true}]}}